{"id":241,"date":"2017-11-22T16:26:33","date_gmt":"2017-11-22T15:26:33","guid":{"rendered":"http:\/\/www.kleinerochsnbrater.de?page_id=241"},"modified":"2017-11-22T19:50:18","modified_gmt":"2017-11-22T18:50:18","slug":"about-this-website","status":"publish","type":"page","link":"https:\/\/www.kleinerochsnbrater.de\/en\/about-this-website","title":{"rendered":"About this website"},"content":{"rendered":"<div class=\"wpb-content-wrapper\">\n\t\t<section  class=\"content-section    pt-40-xs pb-40-xs pt-50-md pb-50-md pt-70-lg pb-70-lg  no-margin \"  >\n\n\t\t\t<div class=\"row   \">\n\n\t\t\t\t[vc_column width=&#8221;5\/6&#8243; offset=&#8221;vc_col-sm-offset-1&#8243;][vc_column_text]\n<h1 class=\"blue\">Disclaimer<\/h1>\n[\/vc_column_text][vc_row_inner][vc_column_inner width=&#8221;1\/2&#8243;][vc_column_text]<strong>Kleiner Ochs\u2019nbrater<\/strong><br \/>\nBavaria Landprodukte aus Bayern GmbH<br \/>\nManaging director: Ms. Christine Peschl<br \/>\nViktualienmarkt 11<br \/>\n80331 Munich, Germany<br \/>\nPhone: +49 (89) 29 82 82[\/vc_column_text][\/vc_column_inner][vc_column_inner width=&#8221;1\/2&#8243;][vc_column_text]<strong>VAT number<\/strong><br \/>\n143\/118\/8005<br \/>\n(Finanzamt M\u00fcnchen f\u00fcr K\u00f6rperschaften)<br \/>\n<strong>Regulating authority<\/strong><br \/>\nAmtsgericht M\u00fcnchen<br \/>\nHRB 119595[\/vc_column_text][\/vc_column_inner][\/vc_row_inner][vc_row_inner][vc_column_inner width=&#8221;1\/2&#8243;][vc_column_text]<strong>Operator and owner of this website:<\/strong><br \/>\nMs. Christine Peschl[\/vc_column_text][\/vc_column_inner][vc_column_inner width=&#8221;1\/2&#8243;][vc_column_text]<strong>Design:<\/strong>\u00a0<a title=\"jackmediaact advertising &amp; production Webseite\" href=\"http:\/\/www.jackmediaact.com\/\" target=\"_blank\" rel=\"noopener\">jackmediaact<\/a><br \/>\n<strong>Programming: <\/strong><a title=\"WordPress M\u00fcnchen\" href=\"https:\/\/www.lake-studio.de\/\" target=\"_blank\" rel=\"noopener\">Lake Studio<\/a><strong><br \/>\nPhotos:<\/strong>\u00a0<a title=\"christian vogel \/\/ photography\" href=\"http:\/\/www.christianvogel.com\/\" target=\"_blank\" rel=\"noopener\">christian vogel \/\/ photography<\/a>[\/vc_column_text][\/vc_column_inner][\/vc_row_inner][\/vc_column]\n\t\t\t<\/div>\n\n\t\t\t\n\t\t\t\n\t\t\t\n\t\t\t\n\t\t<\/section>\n\n\t\n\t\t<section  class=\"content-section    pb-40-xs pb-50-md pb-70-lg  no-margin \"  >\n\n\t\t\t<div class=\"row   \">\n\n\t\t\t\t[vc_column width=&#8221;5\/6&#8243; offset=&#8221;vc_col-sm-offset-1&#8243;][vc_row_inner][vc_column_inner width=&#8221;1\/2&#8243;][vc_column_text]\n<div class=\"x-column one-half\" data-fade=\"false\" data-fade-animation=\"none\">\n<p><strong>Accountability for content<\/strong><br \/>\nThe contents of our pages have been created with the utmost care. However, we cannot guarantee the contents\u2019 accuracy, completeness or topicality. According to statutory provisions, we are furthermore responsible for our own content on these web pages. In this context, please note that we are accordingly not obliged to monitor merely the transmitted or saved information of third parties, or investigate circumstances pointing to illegal activity. Our obligations to remove or block the use of information under generally applicable laws remain unaffected by this as per \u00a7\u00a7 8 to 10 of the Telemedia Act (TMG).<\/p>\n<p><strong>Accountability for links<\/strong><br \/>\nResponsibility for the content of external links (to web pages of third parties) lies solely with the operators of the linked pages. No violations were evident to us at the time of linking. Should any legal infringement become known to us, we will remove the respective link immediately.<\/p>\n<p><strong>Copyright<\/strong><br \/>\nOur web pages and their contents are subject to German copyright law. Unless expressly permitted by law (\u00a7 44a et seq. of the copyright law), every form of utilizing, reproducing or processing works subject to copyright protection on our web pages requires the prior consent of the respective owner of the rights. Individual reproductions of a work are allowed only for private use, so must not serve either directly or indirectly for earnings. Unauthorized utilization of copyrighted works is punishable (\u00a7 106 of the copyright law).<\/p>\n<\/div>\n[\/vc_column_text][\/vc_column_inner][vc_column_inner width=&#8221;1\/2&#8243;][vc_column_text]\n<div class=\"x-container-fluid max width\">\n<div class=\"x-column one-half last\" data-fade=\"false\" data-fade-animation=\"none\">\n<p><strong>Further information<br \/>\n<\/strong>This website uses Google Analytics, a web analytics service provided by Google, Inc. (\u201cGoogle\u201d). \u2028Google Analytics uses \u201ccookies\u201d, which are text files placed on your computer, to help the website analyze how users use the site. The information generated by the cookie about your use of the website (including your IP address) will be transmitted to and stored by Google on servers in the United States. \u2028In case of activation of the IP anonymization, Google will truncate\/anonymize the last octet of the IP address for Member States of the European Union as well as for other parties to the Agreement on the European Economic Area. \u2028Only in exceptional cases, the full IP address is sent to and shortened by Google servers in the USA. \u2028On behalf of the website provider Google will use this information for the purpose of evaluating your use of the website, compiling reports on website activity for website operators and providing other services relating to website activity and internet usage to the website provider. \u2028Google will not associate your IP address with any other data held by Google. \u2028You may refuse the use of cookies by selecting the appropriate settings on your browser. However, please note that if you do this, you may not be able to use the full functionality of this website. \u2028Furthermore you can prevent Google\u2019s collection and use of data (cookies and IP address) by downloading and installing the browser plug-in available under\u00a0<a href=\"https:\/\/tools.google.com\/dlpage\/gaoptout?hl=en-GB\" target=\"_blank\" rel=\"noopener\">https:\/\/tools.google.com\/dlpage\/gaoptout?hl=en-GB<\/a>. You can refuse the use of Google Analytics by clicking on the following link. An opt-out cookie will be set on the computer, which prevents the future collection of your data when visiting this website:<br \/>\n<a>Disable Google Analytics<b>\u00a0<\/b><\/a>Further information concerning the terms and conditions of use and data privacy can be found at\u00a0<a href=\"http:\/\/www.google.com\/analytics\/terms\/gb.html\" target=\"_blank\" rel=\"noopener\">http:\/\/www.google.com\/analytics\/terms\/gb.html<\/a>\u00a0or at\u00a0<a href=\"http:\/\/www.google.com\/intl\/en_uk\/analytics\/privacyoverview.html\" target=\"_blank\" rel=\"noopener\">http:\/\/www.google.com\/intl\/en_uk\/analytics\/privacyoverview.html<\/a>. \u2028Please note that on this website, Google Analytics code is supplemented by \u201cgat._anonymizeIp();\u201d to ensure an anonymized collection of IP addresses (so called IP-masking).<\/p>\n<\/div>\n<\/div>\n[\/vc_column_text][\/vc_column_inner][\/vc_row_inner][\/vc_column]\n\t\t\t<\/div>\n\n\t\t\t\n\t\t\t\n\t\t\t\n\t\t\t\n\t\t<\/section>\n\n\t\n<\/div>","protected":false},"excerpt":{"rendered":"[vc_column width=\"5\/6\" offset=\"vc_col-sm-offset-1\"][vc_column_text] Disclaimer [\/vc_column_text][vc_row_inner][vc_column_inner width=\"1\/2\"][vc_column_text]Kleiner Ochs\u2019nbrater Bavaria Landprodukte aus Bayern GmbH Managing director: Ms. Christine Peschl Viktualienmarkt 11 80331 Munich, Germany Phone: +49 (89) 29 82 82[\/vc_column_text][\/vc_column_inner][vc_column_inner width=\"1\/2\"][vc_column_text]VAT number 143\/118\/8005 (Finanzamt M\u00fcnchen f\u00fcr K\u00f6rperschaften) Regulating authority Amtsgericht M\u00fcnchen HRB 119595[\/vc_column_text][\/vc_column_inner][\/vc_row_inner][vc_row_inner][vc_column_inner width=\"1\/2\"][vc_column_text]Operator and owner of this website: Ms. Christine Peschl[\/vc_column_text][\/vc_column_inner][vc_column_inner <a class=\"moretag\" href=\"https:\/\/www.kleinerochsnbrater.de\/en\/about-this-website\">read more...<\/a>","protected":false},"author":2,"featured_media":0,"parent":0,"menu_order":9,"comment_status":"closed","ping_status":"closed","template":"","meta":{"footnotes":""},"class_list":["post-241","page","type-page","status-publish","hentry"],"yoast_head":"<!-- This site is optimized with the Yoast SEO plugin v27.4 - https:\/\/yoast.com\/product\/yoast-seo-wordpress\/ -->\n<title>About this website - Kleiner Ochsnbrater<\/title>\n<meta name=\"robots\" content=\"index, follow, max-snippet:-1, max-image-preview:large, max-video-preview:-1\" \/>\n<link rel=\"canonical\" href=\"https:\/\/www.kleinerochsnbrater.de\/en\/about-this-website\" \/>\n<meta property=\"og:locale\" content=\"en_US\" \/>\n<meta property=\"og:type\" content=\"article\" \/>\n<meta property=\"og:title\" content=\"About this website - Kleiner Ochsnbrater\" \/>\n<meta property=\"og:url\" content=\"https:\/\/www.kleinerochsnbrater.de\/en\/about-this-website\" \/>\n<meta property=\"og:site_name\" content=\"Kleiner Ochsnbrater\" \/>\n<meta property=\"article:modified_time\" content=\"2017-11-22T18:50:18+00:00\" \/>\n<meta name=\"twitter:card\" content=\"summary_large_image\" \/>\n<meta name=\"twitter:label1\" content=\"Est. reading time\" \/>\n\t<meta name=\"twitter:data1\" content=\"4 minutes\" \/>\n<script type=\"application\/ld+json\" class=\"yoast-schema-graph\">{\"@context\":\"https:\\\/\\\/schema.org\",\"@graph\":[{\"@type\":\"WebPage\",\"@id\":\"https:\\\/\\\/www.kleinerochsnbrater.de\\\/en\\\/about-this-website\",\"url\":\"https:\\\/\\\/www.kleinerochsnbrater.de\\\/en\\\/about-this-website\",\"name\":\"About this website - Kleiner Ochsnbrater\",\"isPartOf\":{\"@id\":\"https:\\\/\\\/www.kleinerochsnbrater.de\\\/#website\"},\"datePublished\":\"2017-11-22T15:26:33+00:00\",\"dateModified\":\"2017-11-22T18:50:18+00:00\",\"breadcrumb\":{\"@id\":\"https:\\\/\\\/www.kleinerochsnbrater.de\\\/en\\\/about-this-website#breadcrumb\"},\"inLanguage\":\"en-US\",\"potentialAction\":[{\"@type\":\"ReadAction\",\"target\":[\"https:\\\/\\\/www.kleinerochsnbrater.de\\\/en\\\/about-this-website\"]}]},{\"@type\":\"BreadcrumbList\",\"@id\":\"https:\\\/\\\/www.kleinerochsnbrater.de\\\/en\\\/about-this-website#breadcrumb\",\"itemListElement\":[{\"@type\":\"ListItem\",\"position\":1,\"name\":\"Startseite\",\"item\":\"https:\\\/\\\/www.kleinerochsnbrater.de\\\/en\"},{\"@type\":\"ListItem\",\"position\":2,\"name\":\"About this website\"}]},{\"@type\":\"WebSite\",\"@id\":\"https:\\\/\\\/www.kleinerochsnbrater.de\\\/#website\",\"url\":\"https:\\\/\\\/www.kleinerochsnbrater.de\\\/\",\"name\":\"Kleiner Ochsnbrater\",\"description\":\"\",\"potentialAction\":[{\"@type\":\"SearchAction\",\"target\":{\"@type\":\"EntryPoint\",\"urlTemplate\":\"https:\\\/\\\/www.kleinerochsnbrater.de\\\/?s={search_term_string}\"},\"query-input\":{\"@type\":\"PropertyValueSpecification\",\"valueRequired\":true,\"valueName\":\"search_term_string\"}}],\"inLanguage\":\"en-US\"}]}<\/script>\n<!-- \/ Yoast SEO plugin. -->","yoast_head_json":{"title":"About this website - Kleiner Ochsnbrater","robots":{"index":"index","follow":"follow","max-snippet":"max-snippet:-1","max-image-preview":"max-image-preview:large","max-video-preview":"max-video-preview:-1"},"canonical":"https:\/\/www.kleinerochsnbrater.de\/en\/about-this-website","og_locale":"en_US","og_type":"article","og_title":"About this website - Kleiner Ochsnbrater","og_url":"https:\/\/www.kleinerochsnbrater.de\/en\/about-this-website","og_site_name":"Kleiner Ochsnbrater","article_modified_time":"2017-11-22T18:50:18+00:00","twitter_card":"summary_large_image","twitter_misc":{"Est. reading time":"4 minutes"},"schema":{"@context":"https:\/\/schema.org","@graph":[{"@type":"WebPage","@id":"https:\/\/www.kleinerochsnbrater.de\/en\/about-this-website","url":"https:\/\/www.kleinerochsnbrater.de\/en\/about-this-website","name":"About this website - Kleiner Ochsnbrater","isPartOf":{"@id":"https:\/\/www.kleinerochsnbrater.de\/#website"},"datePublished":"2017-11-22T15:26:33+00:00","dateModified":"2017-11-22T18:50:18+00:00","breadcrumb":{"@id":"https:\/\/www.kleinerochsnbrater.de\/en\/about-this-website#breadcrumb"},"inLanguage":"en-US","potentialAction":[{"@type":"ReadAction","target":["https:\/\/www.kleinerochsnbrater.de\/en\/about-this-website"]}]},{"@type":"BreadcrumbList","@id":"https:\/\/www.kleinerochsnbrater.de\/en\/about-this-website#breadcrumb","itemListElement":[{"@type":"ListItem","position":1,"name":"Startseite","item":"https:\/\/www.kleinerochsnbrater.de\/en"},{"@type":"ListItem","position":2,"name":"About this website"}]},{"@type":"WebSite","@id":"https:\/\/www.kleinerochsnbrater.de\/#website","url":"https:\/\/www.kleinerochsnbrater.de\/","name":"Kleiner Ochsnbrater","description":"","potentialAction":[{"@type":"SearchAction","target":{"@type":"EntryPoint","urlTemplate":"https:\/\/www.kleinerochsnbrater.de\/?s={search_term_string}"},"query-input":{"@type":"PropertyValueSpecification","valueRequired":true,"valueName":"search_term_string"}}],"inLanguage":"en-US"}]}},"_links":{"self":[{"href":"https:\/\/www.kleinerochsnbrater.de\/en\/wp-json\/wp\/v2\/pages\/241","targetHints":{"allow":["GET"]}}],"collection":[{"href":"https:\/\/www.kleinerochsnbrater.de\/en\/wp-json\/wp\/v2\/pages"}],"about":[{"href":"https:\/\/www.kleinerochsnbrater.de\/en\/wp-json\/wp\/v2\/types\/page"}],"author":[{"embeddable":true,"href":"https:\/\/www.kleinerochsnbrater.de\/en\/wp-json\/wp\/v2\/users\/2"}],"replies":[{"embeddable":true,"href":"https:\/\/www.kleinerochsnbrater.de\/en\/wp-json\/wp\/v2\/comments?post=241"}],"version-history":[{"count":6,"href":"https:\/\/www.kleinerochsnbrater.de\/en\/wp-json\/wp\/v2\/pages\/241\/revisions"}],"predecessor-version":[{"id":260,"href":"https:\/\/www.kleinerochsnbrater.de\/en\/wp-json\/wp\/v2\/pages\/241\/revisions\/260"}],"wp:attachment":[{"href":"https:\/\/www.kleinerochsnbrater.de\/en\/wp-json\/wp\/v2\/media?parent=241"}],"curies":[{"name":"wp","href":"https:\/\/api.w.org\/{rel}","templated":true}]}}